{"id":390,"date":"2024-04-12T09:47:38","date_gmt":"2024-04-12T07:47:38","guid":{"rendered":"https:\/\/caps2loccaz.fr\/?post_type=product&#038;p=390"},"modified":"2024-04-12T09:47:38","modified_gmt":"2024-04-12T07:47:38","slug":"jeux-de-societe-power","status":"publish","type":"product","link":"https:\/\/caps2loccaz.fr\/?product=jeux-de-societe-power","title":{"rendered":"Jeux de soci\u00e9t\u00e9 power"},"content":{"rendered":"<p>Un grand plateau de jeux, 192 pi\u00e8ces de 4 couleurs diff\u00e9rentes qui constituent les diff\u00e9rentes arm\u00e9es, 4 r\u00e9serves, 4 blocs de feuilles d&rsquo;ordre, 4 crayon, un sablier de 3mn, 1 livret de r\u00e8gles.<\/p>\n<p>Ne convient pas a un enfants de moins de 3ans.<\/p>\n<p>Attention : les pi\u00e8ces de se jeu ne peuvent pas tirer ni se d\u00e9placer seule, elles ne contiennent pas de composant \u00e9clectique.<\/p>\n","protected":false},"excerpt":{"rendered":"<p>Un grand plateau de jeux, 192 pi\u00e8ces de 4 couleurs diff\u00e9rentes qui constituent les diff\u00e9rentes arm\u00e9es, 4 r\u00e9serves, 4 blocs de feuilles d&rsquo;ordre, 4 crayon, un sablier de 3mn, 1 livret de r\u00e8gles. Ne convient pas a un enfants de moins de 3ans. Attention : les pi\u00e8ces de se jeu ne peuvent pas tirer ni [&hellip;]<\/p>\n","protected":false},"featured_media":395,"template":"","meta":[],"product_brand":[],"product_cat":[41,40],"product_tag":[],"class_list":{"0":"post-390","1":"product","2":"type-product","3":"status-publish","4":"has-post-thumbnail","6":"product_cat-jeux","7":"product_cat-joeuts-et-jeux","9":"first","10":"instock","11":"shipping-taxable","12":"purchasable","13":"product-type-simple"},"_links":{"self":[{"href":"https:\/\/caps2loccaz.fr\/index.php?rest_route=\/wp\/v2\/product\/390","targetHints":{"allow":["GET"]}}],"collection":[{"href":"https:\/\/caps2loccaz.fr\/index.php?rest_route=\/wp\/v2\/product"}],"about":[{"href":"https:\/\/caps2loccaz.fr\/index.php?rest_route=\/wp\/v2\/types\/product"}],"wp:featuredmedia":[{"embeddable":true,"href":"https:\/\/caps2loccaz.fr\/index.php?rest_route=\/wp\/v2\/media\/395"}],"wp:attachment":[{"href":"https:\/\/caps2loccaz.fr\/index.php?rest_route=%2Fwp%2Fv2%2Fmedia&parent=390"}],"wp:term":[{"taxonomy":"product_brand","embeddable":true,"href":"https:\/\/caps2loccaz.fr\/index.php?rest_route=%2Fwp%2Fv2%2Fproduct_brand&post=390"},{"taxonomy":"product_cat","embeddable":true,"href":"https:\/\/caps2loccaz.fr\/index.php?rest_route=%2Fwp%2Fv2%2Fproduct_cat&post=390"},{"taxonomy":"product_tag","embeddable":true,"href":"https:\/\/caps2loccaz.fr\/index.php?rest_route=%2Fwp%2Fv2%2Fproduct_tag&post=390"}],"curies":[{"name":"wp","href":"https:\/\/api.w.org\/{rel}","templated":true}]}}