{"id":380,"date":"2024-04-12T09:37:19","date_gmt":"2024-04-12T07:37:19","guid":{"rendered":"https:\/\/caps2loccaz.fr\/?post_type=product&#038;p=380"},"modified":"2024-04-12T09:37:19","modified_gmt":"2024-04-12T07:37:19","slug":"elephant","status":"publish","type":"product","link":"https:\/\/caps2loccaz.fr\/?product=elephant","title":{"rendered":"\u00e9l\u00e9phant"},"content":{"rendered":"<p>Produit d&rsquo;occasion: Etat correcte<\/p>\n<p>Produit d&rsquo;\u00e9veille pour b\u00e9b\u00e9 la trompe de l&rsquo;\u00e9l\u00e9phant permet de d\u00e9filer les images sur l&rsquo;\u00e9cran et d&rsquo;activer des sons et de la musique<\/p>\n<p>marque: Playskool<\/p>\n<p>&nbsp;<\/p>\n","protected":false},"excerpt":{"rendered":"<p>Produit d&rsquo;occasion: Etat correcte Produit d&rsquo;\u00e9veille pour b\u00e9b\u00e9 la trompe de l&rsquo;\u00e9l\u00e9phant permet de d\u00e9filer les images sur l&rsquo;\u00e9cran et d&rsquo;activer des sons et de la musique marque: Playskool &nbsp;<\/p>\n","protected":false},"featured_media":386,"template":"","meta":[],"product_brand":[],"product_cat":[39,40],"product_tag":[],"class_list":{"0":"post-380","1":"product","2":"type-product","3":"status-publish","4":"has-post-thumbnail","6":"product_cat-jouets","7":"product_cat-joeuts-et-jeux","9":"first","10":"instock","11":"shipping-taxable","12":"purchasable","13":"product-type-simple"},"_links":{"self":[{"href":"https:\/\/caps2loccaz.fr\/index.php?rest_route=\/wp\/v2\/product\/380","targetHints":{"allow":["GET"]}}],"collection":[{"href":"https:\/\/caps2loccaz.fr\/index.php?rest_route=\/wp\/v2\/product"}],"about":[{"href":"https:\/\/caps2loccaz.fr\/index.php?rest_route=\/wp\/v2\/types\/product"}],"wp:featuredmedia":[{"embeddable":true,"href":"https:\/\/caps2loccaz.fr\/index.php?rest_route=\/wp\/v2\/media\/386"}],"wp:attachment":[{"href":"https:\/\/caps2loccaz.fr\/index.php?rest_route=%2Fwp%2Fv2%2Fmedia&parent=380"}],"wp:term":[{"taxonomy":"product_brand","embeddable":true,"href":"https:\/\/caps2loccaz.fr\/index.php?rest_route=%2Fwp%2Fv2%2Fproduct_brand&post=380"},{"taxonomy":"product_cat","embeddable":true,"href":"https:\/\/caps2loccaz.fr\/index.php?rest_route=%2Fwp%2Fv2%2Fproduct_cat&post=380"},{"taxonomy":"product_tag","embeddable":true,"href":"https:\/\/caps2loccaz.fr\/index.php?rest_route=%2Fwp%2Fv2%2Fproduct_tag&post=380"}],"curies":[{"name":"wp","href":"https:\/\/api.w.org\/{rel}","templated":true}]}}