{"id":372,"date":"2024-04-12T09:46:31","date_gmt":"2024-04-12T07:46:31","guid":{"rendered":"https:\/\/caps2loccaz.fr\/?post_type=product&#038;p=372"},"modified":"2024-04-12T09:47:56","modified_gmt":"2024-04-12T07:47:56","slug":"jeux-docteur-maboul","status":"publish","type":"product","link":"https:\/\/caps2loccaz.fr\/?product=jeux-docteur-maboul","title":{"rendered":"jeux de soci\u00e9t\u00e9 docteur Maboul"},"content":{"rendered":"<p>Docteur Maboul est un jeu de soci\u00e9t\u00e9 \u00e9ducatif et interactif tr\u00e8s amusant et qui demande une certaine adresse pour retirer du corps du pauvre malade de nombreux objets plus insolites les uns que les autres. Un jeu d&rsquo;adresse d\u00e9lirant!<\/p>\n","protected":false},"excerpt":{"rendered":"<p>Docteur Maboul est un jeu de soci\u00e9t\u00e9 \u00e9ducatif et interactif tr\u00e8s amusant et qui demande une certaine adresse pour retirer du corps du pauvre malade de nombreux objets plus insolites les uns que les autres. Un jeu d&rsquo;adresse d\u00e9lirant!<\/p>\n","protected":false},"featured_media":374,"template":"","meta":[],"product_brand":[],"product_cat":[40],"product_tag":[],"class_list":{"0":"post-372","1":"product","2":"type-product","3":"status-publish","4":"has-post-thumbnail","6":"product_cat-joeuts-et-jeux","8":"first","9":"instock","10":"sold-individually","11":"shipping-taxable","12":"purchasable","13":"product-type-simple"},"_links":{"self":[{"href":"https:\/\/caps2loccaz.fr\/index.php?rest_route=\/wp\/v2\/product\/372","targetHints":{"allow":["GET"]}}],"collection":[{"href":"https:\/\/caps2loccaz.fr\/index.php?rest_route=\/wp\/v2\/product"}],"about":[{"href":"https:\/\/caps2loccaz.fr\/index.php?rest_route=\/wp\/v2\/types\/product"}],"wp:featuredmedia":[{"embeddable":true,"href":"https:\/\/caps2loccaz.fr\/index.php?rest_route=\/wp\/v2\/media\/374"}],"wp:attachment":[{"href":"https:\/\/caps2loccaz.fr\/index.php?rest_route=%2Fwp%2Fv2%2Fmedia&parent=372"}],"wp:term":[{"taxonomy":"product_brand","embeddable":true,"href":"https:\/\/caps2loccaz.fr\/index.php?rest_route=%2Fwp%2Fv2%2Fproduct_brand&post=372"},{"taxonomy":"product_cat","embeddable":true,"href":"https:\/\/caps2loccaz.fr\/index.php?rest_route=%2Fwp%2Fv2%2Fproduct_cat&post=372"},{"taxonomy":"product_tag","embeddable":true,"href":"https:\/\/caps2loccaz.fr\/index.php?rest_route=%2Fwp%2Fv2%2Fproduct_tag&post=372"}],"curies":[{"name":"wp","href":"https:\/\/api.w.org\/{rel}","templated":true}]}}