{"id":361,"date":"2024-04-12T08:45:02","date_gmt":"2024-04-12T06:45:02","guid":{"rendered":"https:\/\/caps2loccaz.fr\/?post_type=product&#038;p=361"},"modified":"2024-04-12T08:45:02","modified_gmt":"2024-04-12T06:45:02","slug":"helicoptere","status":"publish","type":"product","link":"https:\/\/caps2loccaz.fr\/?product=helicoptere","title":{"rendered":"H\u00e9licopt\u00e8re"},"content":{"rendered":"<p>Jouet h\u00e9licopt\u00e8re\u00a0 , diff\u00e9rentes fonctions : Pales qui tournent et treuil. Aliment\u00e9 par 3 Piles 1,5V R6.<\/p>\n<p>Produit d&rsquo;occasion : Bon \u00c9tat<\/p>\n","protected":false},"excerpt":{"rendered":"<p>Jouet h\u00e9licopt\u00e8re\u00a0 , diff\u00e9rentes fonctions : Pales qui tournent et treuil. Aliment\u00e9 par 3 Piles 1,5V R6. Produit d&rsquo;occasion : Bon \u00c9tat<\/p>\n","protected":false},"featured_media":362,"template":"","meta":[],"product_brand":[],"product_cat":[39,40],"product_tag":[],"class_list":{"0":"post-361","1":"product","2":"type-product","3":"status-publish","4":"has-post-thumbnail","6":"product_cat-jouets","7":"product_cat-joeuts-et-jeux","9":"first","10":"instock","11":"shipping-taxable","12":"purchasable","13":"product-type-simple"},"_links":{"self":[{"href":"https:\/\/caps2loccaz.fr\/index.php?rest_route=\/wp\/v2\/product\/361","targetHints":{"allow":["GET"]}}],"collection":[{"href":"https:\/\/caps2loccaz.fr\/index.php?rest_route=\/wp\/v2\/product"}],"about":[{"href":"https:\/\/caps2loccaz.fr\/index.php?rest_route=\/wp\/v2\/types\/product"}],"wp:featuredmedia":[{"embeddable":true,"href":"https:\/\/caps2loccaz.fr\/index.php?rest_route=\/wp\/v2\/media\/362"}],"wp:attachment":[{"href":"https:\/\/caps2loccaz.fr\/index.php?rest_route=%2Fwp%2Fv2%2Fmedia&parent=361"}],"wp:term":[{"taxonomy":"product_brand","embeddable":true,"href":"https:\/\/caps2loccaz.fr\/index.php?rest_route=%2Fwp%2Fv2%2Fproduct_brand&post=361"},{"taxonomy":"product_cat","embeddable":true,"href":"https:\/\/caps2loccaz.fr\/index.php?rest_route=%2Fwp%2Fv2%2Fproduct_cat&post=361"},{"taxonomy":"product_tag","embeddable":true,"href":"https:\/\/caps2loccaz.fr\/index.php?rest_route=%2Fwp%2Fv2%2Fproduct_tag&post=361"}],"curies":[{"name":"wp","href":"https:\/\/api.w.org\/{rel}","templated":true}]}}