{"id":316,"date":"2024-04-10T15:24:50","date_gmt":"2024-04-10T13:24:50","guid":{"rendered":"https:\/\/caps2loccaz.fr\/?post_type=product&#038;p=316"},"modified":"2024-04-10T15:24:50","modified_gmt":"2024-04-10T13:24:50","slug":"le-roi-lion-disney","status":"publish","type":"product","link":"https:\/\/caps2loccaz.fr\/?product=le-roi-lion-disney","title":{"rendered":"le roi lion disney"},"content":{"rendered":"<p>un voyage au c\u0153ur de la savane africaine o\u00f9 un futur roi, vient de na\u00eetre<span>\u00a0.<\/span><span role=\"tooltip\"><span class=\"c5aZPb\" role=\"button\" data-enable-toggle-animation=\"true\" data-extra-container-classes=\"ZLo7Eb\" data-hover-hide-delay=\"1000\" data-hover-open-delay=\"500\" data-send-open-event=\"true\" data-theme=\"0\" data-width=\"250\" data-ved=\"2ahUKEwji3s_M3reFAxW_dqQEHfaxAZYQmpgGegQIGBAD\"><span class=\"JPfdse\" data-bubble-link=\"\" data-segment-text=\"Simba\"><span>Simba <\/span><\/span><\/span><\/span><span>idol\u00e2tre son p\u00e8re, le roi Mufasa, et prend tr\u00e8s \u00e0 c\u0153ur son destin royal. Mais cette naissance ne fait pas le bonheur de tous au royaume<\/span><\/p>\n<p>Article en tr\u00e8s bonne \u00e9tat<\/p>\n","protected":false},"excerpt":{"rendered":"<p>un voyage au c\u0153ur de la savane africaine o\u00f9 un futur roi, vient de na\u00eetre\u00a0.Simba idol\u00e2tre son p\u00e8re, le roi Mufasa, et prend tr\u00e8s \u00e0 c\u0153ur son destin royal. Mais cette naissance ne fait pas le bonheur de tous au royaume Article en tr\u00e8s bonne \u00e9tat<\/p>\n","protected":false},"featured_media":308,"template":"","meta":[],"product_brand":[],"product_cat":[28],"product_tag":[],"class_list":{"0":"post-316","1":"product","2":"type-product","3":"status-publish","4":"has-post-thumbnail","6":"product_cat-livres-jeunesse","8":"first","9":"instock","10":"shipping-taxable","11":"purchasable","12":"product-type-simple"},"_links":{"self":[{"href":"https:\/\/caps2loccaz.fr\/index.php?rest_route=\/wp\/v2\/product\/316","targetHints":{"allow":["GET"]}}],"collection":[{"href":"https:\/\/caps2loccaz.fr\/index.php?rest_route=\/wp\/v2\/product"}],"about":[{"href":"https:\/\/caps2loccaz.fr\/index.php?rest_route=\/wp\/v2\/types\/product"}],"wp:featuredmedia":[{"embeddable":true,"href":"https:\/\/caps2loccaz.fr\/index.php?rest_route=\/wp\/v2\/media\/308"}],"wp:attachment":[{"href":"https:\/\/caps2loccaz.fr\/index.php?rest_route=%2Fwp%2Fv2%2Fmedia&parent=316"}],"wp:term":[{"taxonomy":"product_brand","embeddable":true,"href":"https:\/\/caps2loccaz.fr\/index.php?rest_route=%2Fwp%2Fv2%2Fproduct_brand&post=316"},{"taxonomy":"product_cat","embeddable":true,"href":"https:\/\/caps2loccaz.fr\/index.php?rest_route=%2Fwp%2Fv2%2Fproduct_cat&post=316"},{"taxonomy":"product_tag","embeddable":true,"href":"https:\/\/caps2loccaz.fr\/index.php?rest_route=%2Fwp%2Fv2%2Fproduct_tag&post=316"}],"curies":[{"name":"wp","href":"https:\/\/api.w.org\/{rel}","templated":true}]}}