{"id":285,"date":"2024-04-10T15:14:40","date_gmt":"2024-04-10T13:14:40","guid":{"rendered":"https:\/\/caps2loccaz.fr\/?post_type=product&#038;p=285"},"modified":"2024-04-11T10:45:32","modified_gmt":"2024-04-11T08:45:32","slug":"leonard-dou-viens-tugenie-tome-25","status":"publish","type":"product","link":"https:\/\/caps2loccaz.fr\/?product=leonard-dou-viens-tugenie-tome-25","title":{"rendered":"l\u00e9onard d&rsquo;ou viens-tu,g\u00e9nie tome 25"},"content":{"rendered":"<p><span>\u00a0L\u00e9onard est un inventeur de g\u00e9nie, cr\u00e9e sans cesse de nouvelles choses totalement inimaginables pour son \u00e9poque. Dans sa t\u00e2che il est assist\u00e9 par un disciple (malgr\u00e9 la volont\u00e9 de ce dernier) gaffeur et maladroit \u00e0 souhait.<\/span><\/p>\n<p>Article en bon \u00e9tat<\/p>\n","protected":false},"excerpt":{"rendered":"<p>\u00a0L\u00e9onard est un inventeur de g\u00e9nie, cr\u00e9e sans cesse de nouvelles choses totalement inimaginables pour son \u00e9poque. Dans sa t\u00e2che il est assist\u00e9 par un disciple (malgr\u00e9 la volont\u00e9 de ce dernier) gaffeur et maladroit \u00e0 souhait. Article en bon \u00e9tat<\/p>\n","protected":false},"featured_media":304,"template":"","meta":[],"product_brand":[],"product_cat":[31,25],"product_tag":[],"class_list":{"0":"post-285","1":"product","2":"type-product","3":"status-publish","4":"has-post-thumbnail","6":"product_cat-bd","7":"product_cat-culture","9":"first","10":"instock","11":"shipping-taxable","12":"purchasable","13":"product-type-simple"},"_links":{"self":[{"href":"https:\/\/caps2loccaz.fr\/index.php?rest_route=\/wp\/v2\/product\/285","targetHints":{"allow":["GET"]}}],"collection":[{"href":"https:\/\/caps2loccaz.fr\/index.php?rest_route=\/wp\/v2\/product"}],"about":[{"href":"https:\/\/caps2loccaz.fr\/index.php?rest_route=\/wp\/v2\/types\/product"}],"wp:featuredmedia":[{"embeddable":true,"href":"https:\/\/caps2loccaz.fr\/index.php?rest_route=\/wp\/v2\/media\/304"}],"wp:attachment":[{"href":"https:\/\/caps2loccaz.fr\/index.php?rest_route=%2Fwp%2Fv2%2Fmedia&parent=285"}],"wp:term":[{"taxonomy":"product_brand","embeddable":true,"href":"https:\/\/caps2loccaz.fr\/index.php?rest_route=%2Fwp%2Fv2%2Fproduct_brand&post=285"},{"taxonomy":"product_cat","embeddable":true,"href":"https:\/\/caps2loccaz.fr\/index.php?rest_route=%2Fwp%2Fv2%2Fproduct_cat&post=285"},{"taxonomy":"product_tag","embeddable":true,"href":"https:\/\/caps2loccaz.fr\/index.php?rest_route=%2Fwp%2Fv2%2Fproduct_tag&post=285"}],"curies":[{"name":"wp","href":"https:\/\/api.w.org\/{rel}","templated":true}]}}