{"id":269,"date":"2024-04-10T14:55:17","date_gmt":"2024-04-10T12:55:17","guid":{"rendered":"https:\/\/caps2loccaz.fr\/?post_type=product&#038;p=269"},"modified":"2024-04-10T14:55:17","modified_gmt":"2024-04-10T12:55:17","slug":"captain-biceps-tome-2","status":"publish","type":"product","link":"https:\/\/caps2loccaz.fr\/?product=captain-biceps-tome-2","title":{"rendered":"Captain Biceps Tome 2"},"content":{"rendered":"<p>La BD est le tome num\u00e9ro 2 de la collection CAPTAIN BICEPS, il est en tr\u00e8s bon \u00e9tat.<\/p>\n<p>Ceci est une BD humoristique dessin\u00e9e par T\u00e9bo sur des sc\u00e9narios de Zep racontant les aventures du personnage \u00e9ponyme, un super-h\u00e9ros parodique. Elle compte 7 albums.<\/p>\n","protected":false},"excerpt":{"rendered":"<p>La BD est le tome num\u00e9ro 2 de la collection CAPTAIN BICEPS, il est en tr\u00e8s bon \u00e9tat. Ceci est une BD humoristique dessin\u00e9e par T\u00e9bo sur des sc\u00e9narios de Zep racontant les aventures du personnage \u00e9ponyme, un super-h\u00e9ros parodique. Elle compte 7 albums.<\/p>\n","protected":false},"featured_media":271,"template":"","meta":[],"product_brand":[],"product_cat":[31],"product_tag":[],"class_list":{"0":"post-269","1":"product","2":"type-product","3":"status-publish","4":"has-post-thumbnail","6":"product_cat-bd","8":"first","9":"instock","10":"shipping-taxable","11":"purchasable","12":"product-type-simple"},"_links":{"self":[{"href":"https:\/\/caps2loccaz.fr\/index.php?rest_route=\/wp\/v2\/product\/269","targetHints":{"allow":["GET"]}}],"collection":[{"href":"https:\/\/caps2loccaz.fr\/index.php?rest_route=\/wp\/v2\/product"}],"about":[{"href":"https:\/\/caps2loccaz.fr\/index.php?rest_route=\/wp\/v2\/types\/product"}],"wp:featuredmedia":[{"embeddable":true,"href":"https:\/\/caps2loccaz.fr\/index.php?rest_route=\/wp\/v2\/media\/271"}],"wp:attachment":[{"href":"https:\/\/caps2loccaz.fr\/index.php?rest_route=%2Fwp%2Fv2%2Fmedia&parent=269"}],"wp:term":[{"taxonomy":"product_brand","embeddable":true,"href":"https:\/\/caps2loccaz.fr\/index.php?rest_route=%2Fwp%2Fv2%2Fproduct_brand&post=269"},{"taxonomy":"product_cat","embeddable":true,"href":"https:\/\/caps2loccaz.fr\/index.php?rest_route=%2Fwp%2Fv2%2Fproduct_cat&post=269"},{"taxonomy":"product_tag","embeddable":true,"href":"https:\/\/caps2loccaz.fr\/index.php?rest_route=%2Fwp%2Fv2%2Fproduct_tag&post=269"}],"curies":[{"name":"wp","href":"https:\/\/api.w.org\/{rel}","templated":true}]}}