{"id":235,"date":"2024-04-10T15:01:18","date_gmt":"2024-04-10T13:01:18","guid":{"rendered":"https:\/\/caps2loccaz.fr\/?post_type=product&#038;p=235"},"modified":"2024-04-10T15:01:18","modified_gmt":"2024-04-10T13:01:18","slug":"bd-captain-biceps-tome1-linvincible","status":"publish","type":"product","link":"https:\/\/caps2loccaz.fr\/?product=bd-captain-biceps-tome1-linvincible","title":{"rendered":"BD captain bicep&rsquo;s tome1 l&rsquo;invincible"},"content":{"rendered":"<p>ceci est une bd humoristique dessin\u00e9 par t\u00e9bo sur\u00a0 des sc\u00e9narios de Zep racontant les aventures du personnage \u00e9ponyme, un super h\u00e9ros parodique elle compte 7 albums<\/p>\n<p>Article en tr\u00e8s bonne \u00e9tat ne pr\u00e9sente aucun d\u00e9fauts<\/p>\n","protected":false},"excerpt":{"rendered":"<p>ceci est une bd humoristique dessin\u00e9 par t\u00e9bo sur\u00a0 des sc\u00e9narios de Zep racontant les aventures du personnage \u00e9ponyme, un super h\u00e9ros parodique elle compte 7 albums Article en tr\u00e8s bonne \u00e9tat ne pr\u00e9sente aucun d\u00e9fauts<\/p>\n","protected":false},"featured_media":277,"template":"","meta":[],"product_brand":[],"product_cat":[31],"product_tag":[],"class_list":{"0":"post-235","1":"product","2":"type-product","3":"status-publish","4":"has-post-thumbnail","6":"product_cat-bd","8":"first","9":"instock","10":"shipping-taxable","11":"purchasable","12":"product-type-simple"},"_links":{"self":[{"href":"https:\/\/caps2loccaz.fr\/index.php?rest_route=\/wp\/v2\/product\/235","targetHints":{"allow":["GET"]}}],"collection":[{"href":"https:\/\/caps2loccaz.fr\/index.php?rest_route=\/wp\/v2\/product"}],"about":[{"href":"https:\/\/caps2loccaz.fr\/index.php?rest_route=\/wp\/v2\/types\/product"}],"wp:featuredmedia":[{"embeddable":true,"href":"https:\/\/caps2loccaz.fr\/index.php?rest_route=\/wp\/v2\/media\/277"}],"wp:attachment":[{"href":"https:\/\/caps2loccaz.fr\/index.php?rest_route=%2Fwp%2Fv2%2Fmedia&parent=235"}],"wp:term":[{"taxonomy":"product_brand","embeddable":true,"href":"https:\/\/caps2loccaz.fr\/index.php?rest_route=%2Fwp%2Fv2%2Fproduct_brand&post=235"},{"taxonomy":"product_cat","embeddable":true,"href":"https:\/\/caps2loccaz.fr\/index.php?rest_route=%2Fwp%2Fv2%2Fproduct_cat&post=235"},{"taxonomy":"product_tag","embeddable":true,"href":"https:\/\/caps2loccaz.fr\/index.php?rest_route=%2Fwp%2Fv2%2Fproduct_tag&post=235"}],"curies":[{"name":"wp","href":"https:\/\/api.w.org\/{rel}","templated":true}]}}