{"id":232,"date":"2024-04-10T14:50:04","date_gmt":"2024-04-10T12:50:04","guid":{"rendered":"https:\/\/caps2loccaz.fr\/?post_type=product&#038;p=232"},"modified":"2024-04-10T14:51:08","modified_gmt":"2024-04-10T12:51:08","slug":"captain-biceps-6-le-retour-du-poing-de-la-justice","status":"publish","type":"product","link":"https:\/\/caps2loccaz.fr\/?product=captain-biceps-6-le-retour-du-poing-de-la-justice","title":{"rendered":"Captain Biceps 6. Le retour du poing de la justice"},"content":{"rendered":"<p>Captain Biceps est une BD humoristique, Captain Biceps, la s\u00e9rie de BD jeunesse. Cr\u00e9\u00e9 par T\u00e9bo et Zep (le p\u00e8re de Titeuf), Captain Biceps c&rsquo;est le nouveau justicier des temps modernes.\u00a0Une petite t\u00eate plant\u00e9e sur un corps \u00e0 la musculature imposante le tout dans une tenue \u00e0 mi chemin entre le design de Captain America et les couleurs d&rsquo;Iron Man. D&rsquo;occasion comme neuf.<\/p>\n<p>&nbsp;<\/p>\n","protected":false},"excerpt":{"rendered":"<p>Captain Biceps est une BD humoristique, Captain Biceps, la s\u00e9rie de BD jeunesse. Cr\u00e9\u00e9 par T\u00e9bo et Zep (le p\u00e8re de Titeuf), Captain Biceps c&rsquo;est le nouveau justicier des temps modernes.\u00a0Une petite t\u00eate plant\u00e9e sur un corps \u00e0 la musculature imposante le tout dans une tenue \u00e0 mi chemin entre le design de Captain America [&hellip;]<\/p>\n","protected":false},"featured_media":260,"template":"","meta":[],"product_brand":[],"product_cat":[31],"product_tag":[],"class_list":{"0":"post-232","1":"product","2":"type-product","3":"status-publish","4":"has-post-thumbnail","6":"product_cat-bd","8":"first","9":"instock","10":"shipping-taxable","11":"purchasable","12":"product-type-simple"},"_links":{"self":[{"href":"https:\/\/caps2loccaz.fr\/index.php?rest_route=\/wp\/v2\/product\/232","targetHints":{"allow":["GET"]}}],"collection":[{"href":"https:\/\/caps2loccaz.fr\/index.php?rest_route=\/wp\/v2\/product"}],"about":[{"href":"https:\/\/caps2loccaz.fr\/index.php?rest_route=\/wp\/v2\/types\/product"}],"wp:featuredmedia":[{"embeddable":true,"href":"https:\/\/caps2loccaz.fr\/index.php?rest_route=\/wp\/v2\/media\/260"}],"wp:attachment":[{"href":"https:\/\/caps2loccaz.fr\/index.php?rest_route=%2Fwp%2Fv2%2Fmedia&parent=232"}],"wp:term":[{"taxonomy":"product_brand","embeddable":true,"href":"https:\/\/caps2loccaz.fr\/index.php?rest_route=%2Fwp%2Fv2%2Fproduct_brand&post=232"},{"taxonomy":"product_cat","embeddable":true,"href":"https:\/\/caps2loccaz.fr\/index.php?rest_route=%2Fwp%2Fv2%2Fproduct_cat&post=232"},{"taxonomy":"product_tag","embeddable":true,"href":"https:\/\/caps2loccaz.fr\/index.php?rest_route=%2Fwp%2Fv2%2Fproduct_tag&post=232"}],"curies":[{"name":"wp","href":"https:\/\/api.w.org\/{rel}","templated":true}]}}