{"id":204,"date":"2024-04-10T11:47:55","date_gmt":"2024-04-10T09:47:55","guid":{"rendered":"https:\/\/caps2loccaz.fr\/?post_type=product&#038;p=204"},"modified":"2024-04-10T11:49:12","modified_gmt":"2024-04-10T09:49:12","slug":"204","status":"publish","type":"product","link":"https:\/\/caps2loccaz.fr\/?product=204","title":{"rendered":"Un pr\u00eatre a la guerre"},"content":{"rendered":"<p><img loading=\"lazy\" decoding=\"async\" class=\"alignnone size-medium wp-image-206\" src=\"https:\/\/caps2loccaz.fr\/wp-content\/uploads\/2024\/04\/IMG_55231.jpg\" alt=\"\" width=\"1\" height=\"1\" \/><img loading=\"lazy\" decoding=\"async\" class=\"alignnone size-medium wp-image-211\" src=\"https:\/\/caps2loccaz.fr\/wp-content\/uploads\/2024\/04\/IMG_55241-225x300.jpg\" alt=\"\" width=\"225\" height=\"300\" srcset=\"https:\/\/caps2loccaz.fr\/wp-content\/uploads\/2024\/04\/IMG_55241-225x300.jpg 225w, https:\/\/caps2loccaz.fr\/wp-content\/uploads\/2024\/04\/IMG_55241-scaled-300x400.jpg 300w, https:\/\/caps2loccaz.fr\/wp-content\/uploads\/2024\/04\/IMG_55241-scaled-600x800.jpg 600w, https:\/\/caps2loccaz.fr\/wp-content\/uploads\/2024\/04\/IMG_55241-768x1024.jpg 768w, https:\/\/caps2loccaz.fr\/wp-content\/uploads\/2024\/04\/IMG_55241-1152x1536.jpg 1152w, https:\/\/caps2loccaz.fr\/wp-content\/uploads\/2024\/04\/IMG_55241-1536x2048.jpg 1536w, https:\/\/caps2loccaz.fr\/wp-content\/uploads\/2024\/04\/IMG_55241-scaled.jpg 1920w\" sizes=\"auto, (max-width: 225px) 100vw, 225px\" \/><img loading=\"lazy\" decoding=\"async\" class=\"alignnone size-medium wp-image-206\" src=\"https:\/\/caps2loccaz.fr\/wp-content\/uploads\/2024\/04\/IMG_55231.jpg\" alt=\"\" width=\"1\" height=\"1\" \/>Livre en \u00e9tat raisonnable sur le t\u00e9moignage d&rsquo;un aum\u00f4nier parachutiste.<\/p>\n","protected":false},"excerpt":{"rendered":"<p>Livre en \u00e9tat raisonnable sur le t\u00e9moignage d&rsquo;un aum\u00f4nier parachutiste.<\/p>\n","protected":false},"featured_media":213,"template":"","meta":[],"product_brand":[],"product_cat":[25,35],"product_tag":[],"class_list":{"0":"post-204","1":"product","2":"type-product","3":"status-publish","4":"has-post-thumbnail","6":"product_cat-culture","7":"product_cat-roman","9":"first","10":"instock","11":"shipping-taxable","12":"purchasable","13":"product-type-simple"},"_links":{"self":[{"href":"https:\/\/caps2loccaz.fr\/index.php?rest_route=\/wp\/v2\/product\/204","targetHints":{"allow":["GET"]}}],"collection":[{"href":"https:\/\/caps2loccaz.fr\/index.php?rest_route=\/wp\/v2\/product"}],"about":[{"href":"https:\/\/caps2loccaz.fr\/index.php?rest_route=\/wp\/v2\/types\/product"}],"wp:featuredmedia":[{"embeddable":true,"href":"https:\/\/caps2loccaz.fr\/index.php?rest_route=\/wp\/v2\/media\/213"}],"wp:attachment":[{"href":"https:\/\/caps2loccaz.fr\/index.php?rest_route=%2Fwp%2Fv2%2Fmedia&parent=204"}],"wp:term":[{"taxonomy":"product_brand","embeddable":true,"href":"https:\/\/caps2loccaz.fr\/index.php?rest_route=%2Fwp%2Fv2%2Fproduct_brand&post=204"},{"taxonomy":"product_cat","embeddable":true,"href":"https:\/\/caps2loccaz.fr\/index.php?rest_route=%2Fwp%2Fv2%2Fproduct_cat&post=204"},{"taxonomy":"product_tag","embeddable":true,"href":"https:\/\/caps2loccaz.fr\/index.php?rest_route=%2Fwp%2Fv2%2Fproduct_tag&post=204"}],"curies":[{"name":"wp","href":"https:\/\/api.w.org\/{rel}","templated":true}]}}