{"id":197,"date":"2024-04-10T11:42:08","date_gmt":"2024-04-10T09:42:08","guid":{"rendered":"https:\/\/caps2loccaz.fr\/?post_type=product&#038;p=197"},"modified":"2024-04-10T11:42:08","modified_gmt":"2024-04-10T09:42:08","slug":"le-petit-larousse-de-la-peche-en-eau-douce","status":"publish","type":"product","link":"https:\/\/caps2loccaz.fr\/?product=le-petit-larousse-de-la-peche-en-eau-douce","title":{"rendered":"Le Petit Larousse de la P\u00eache en eau douce"},"content":{"rendered":"<p>Abondamment illustr\u00e9 &#8211; le visuel occupe une place de premier ordre &#8211; l\u2019ouvrage met \u00e0 la port\u00e9e du plus grand nombre les savoir-faire indispensables pour d\u00e9couvrir l\u2019univers de la p\u00eache en eau douce aujourd\u2019hui. Ouvert \u00e0 l\u2019\u00e9cologie, il tient compte des pr\u00e9occupations des p\u00eacheurs qui se sentent\u00a0 responsables de l\u2019environnement.<\/p>\n<p>D\u2019occasion \u2013 Tr\u00e8s Bon \u00c9tat<span id=\"more-134\"><\/span><\/p>\n<p>Auteur : Michel Luchesi<\/p>\n<p>\u00c9dition : Larousse<\/p>\n","protected":false},"excerpt":{"rendered":"<p>D\u2019occasion \u2013 Tr\u00e8s Bon \u00c9tat<\/p>\n","protected":false},"featured_media":201,"template":"","meta":[],"product_brand":[],"product_cat":[25,36],"product_tag":[],"class_list":{"0":"post-197","1":"product","2":"type-product","3":"status-publish","4":"has-post-thumbnail","6":"product_cat-culture","7":"product_cat-livres-loisirs","9":"first","10":"instock","11":"shipping-taxable","12":"purchasable","13":"product-type-simple"},"_links":{"self":[{"href":"https:\/\/caps2loccaz.fr\/index.php?rest_route=\/wp\/v2\/product\/197","targetHints":{"allow":["GET"]}}],"collection":[{"href":"https:\/\/caps2loccaz.fr\/index.php?rest_route=\/wp\/v2\/product"}],"about":[{"href":"https:\/\/caps2loccaz.fr\/index.php?rest_route=\/wp\/v2\/types\/product"}],"wp:featuredmedia":[{"embeddable":true,"href":"https:\/\/caps2loccaz.fr\/index.php?rest_route=\/wp\/v2\/media\/201"}],"wp:attachment":[{"href":"https:\/\/caps2loccaz.fr\/index.php?rest_route=%2Fwp%2Fv2%2Fmedia&parent=197"}],"wp:term":[{"taxonomy":"product_brand","embeddable":true,"href":"https:\/\/caps2loccaz.fr\/index.php?rest_route=%2Fwp%2Fv2%2Fproduct_brand&post=197"},{"taxonomy":"product_cat","embeddable":true,"href":"https:\/\/caps2loccaz.fr\/index.php?rest_route=%2Fwp%2Fv2%2Fproduct_cat&post=197"},{"taxonomy":"product_tag","embeddable":true,"href":"https:\/\/caps2loccaz.fr\/index.php?rest_route=%2Fwp%2Fv2%2Fproduct_tag&post=197"}],"curies":[{"name":"wp","href":"https:\/\/api.w.org\/{rel}","templated":true}]}}