{"id":172,"date":"2024-04-10T11:09:05","date_gmt":"2024-04-10T09:09:05","guid":{"rendered":"https:\/\/caps2loccaz.fr\/?post_type=product&#038;p=172"},"modified":"2024-04-10T11:14:17","modified_gmt":"2024-04-10T09:14:17","slug":"hello-kitty-mon-livre-de-cuisine","status":"publish","type":"product","link":"https:\/\/caps2loccaz.fr\/?product=hello-kitty-mon-livre-de-cuisine","title":{"rendered":"Hello Kitty, Mon livre de cuisine"},"content":{"rendered":"<p><img loading=\"lazy\" decoding=\"async\" class=\"alignnone size-medium wp-image-174\" src=\"https:\/\/caps2loccaz.fr\/wp-content\/uploads\/2024\/04\/image5-285x300.jpeg\" alt=\"\" width=\"285\" height=\"300\" srcset=\"https:\/\/caps2loccaz.fr\/wp-content\/uploads\/2024\/04\/image5-285x300.jpeg 285w, https:\/\/caps2loccaz.fr\/wp-content\/uploads\/2024\/04\/image5-300x316.jpeg 300w, https:\/\/caps2loccaz.fr\/wp-content\/uploads\/2024\/04\/image5-600x631.jpeg 600w, https:\/\/caps2loccaz.fr\/wp-content\/uploads\/2024\/04\/image5-974x1024.jpeg 974w\" sizes=\"auto, (max-width: 285px) 100vw, 285px\" \/><\/p>\n","protected":false},"excerpt":{"rendered":"<p>Plus de 30 recettes sucr\u00e9es et sal\u00e9es pour cuisiner \u00e0 tout moment dans l&rsquo;ann\u00e9e.<\/p>\n","protected":false},"featured_media":173,"template":"","meta":[],"product_brand":[],"product_cat":[29],"product_tag":[],"class_list":{"0":"post-172","1":"product","2":"type-product","3":"status-publish","4":"has-post-thumbnail","6":"product_cat-livres-de-cuisine","8":"first","9":"instock","10":"shipping-taxable","11":"purchasable","12":"product-type-simple"},"_links":{"self":[{"href":"https:\/\/caps2loccaz.fr\/index.php?rest_route=\/wp\/v2\/product\/172","targetHints":{"allow":["GET"]}}],"collection":[{"href":"https:\/\/caps2loccaz.fr\/index.php?rest_route=\/wp\/v2\/product"}],"about":[{"href":"https:\/\/caps2loccaz.fr\/index.php?rest_route=\/wp\/v2\/types\/product"}],"wp:featuredmedia":[{"embeddable":true,"href":"https:\/\/caps2loccaz.fr\/index.php?rest_route=\/wp\/v2\/media\/173"}],"wp:attachment":[{"href":"https:\/\/caps2loccaz.fr\/index.php?rest_route=%2Fwp%2Fv2%2Fmedia&parent=172"}],"wp:term":[{"taxonomy":"product_brand","embeddable":true,"href":"https:\/\/caps2loccaz.fr\/index.php?rest_route=%2Fwp%2Fv2%2Fproduct_brand&post=172"},{"taxonomy":"product_cat","embeddable":true,"href":"https:\/\/caps2loccaz.fr\/index.php?rest_route=%2Fwp%2Fv2%2Fproduct_cat&post=172"},{"taxonomy":"product_tag","embeddable":true,"href":"https:\/\/caps2loccaz.fr\/index.php?rest_route=%2Fwp%2Fv2%2Fproduct_tag&post=172"}],"curies":[{"name":"wp","href":"https:\/\/api.w.org\/{rel}","templated":true}]}}