{"id":134,"date":"2024-04-10T10:54:02","date_gmt":"2024-04-10T08:54:02","guid":{"rendered":"https:\/\/caps2loccaz.fr\/?post_type=product&#038;p=134"},"modified":"2024-04-10T11:12:36","modified_gmt":"2024-04-10T09:12:36","slug":"lunchbox","status":"publish","type":"product","link":"https:\/\/caps2loccaz.fr\/?product=lunchbox","title":{"rendered":"Lunchbox"},"content":{"rendered":"<p>40 recettes sal\u00e9es et sucr\u00e9es aux saveurs asiatiques ou europ\u00e9ennes \u00e0 d\u00e9couvrir. Parfait pour pr\u00e9parer vos d\u00e9jeuners \u00e0 la maison et les savourer au travail ou en vacances.<\/p>\n<p>D&rsquo;occasion &#8211; Bon \u00c9tat<!--more--><\/p>\n<p>Auteur : Thomas Feller<\/p>\n<p>Photographies : Rina Nurra<\/p>\n<p>\u00c9dition : hachette pratique<\/p>\n","protected":false},"excerpt":{"rendered":"<p>D&rsquo;occasion &#8211; Bon \u00c9tat<\/p>\n<p>&nbsp;<\/p>\n","protected":false},"featured_media":161,"template":"","meta":[],"product_brand":[],"product_cat":[25,29],"product_tag":[],"class_list":{"0":"post-134","1":"product","2":"type-product","3":"status-publish","4":"has-post-thumbnail","6":"product_cat-culture","7":"product_cat-livres-de-cuisine","9":"first","10":"instock","11":"shipping-taxable","12":"purchasable","13":"product-type-simple"},"_links":{"self":[{"href":"https:\/\/caps2loccaz.fr\/index.php?rest_route=\/wp\/v2\/product\/134","targetHints":{"allow":["GET"]}}],"collection":[{"href":"https:\/\/caps2loccaz.fr\/index.php?rest_route=\/wp\/v2\/product"}],"about":[{"href":"https:\/\/caps2loccaz.fr\/index.php?rest_route=\/wp\/v2\/types\/product"}],"wp:featuredmedia":[{"embeddable":true,"href":"https:\/\/caps2loccaz.fr\/index.php?rest_route=\/wp\/v2\/media\/161"}],"wp:attachment":[{"href":"https:\/\/caps2loccaz.fr\/index.php?rest_route=%2Fwp%2Fv2%2Fmedia&parent=134"}],"wp:term":[{"taxonomy":"product_brand","embeddable":true,"href":"https:\/\/caps2loccaz.fr\/index.php?rest_route=%2Fwp%2Fv2%2Fproduct_brand&post=134"},{"taxonomy":"product_cat","embeddable":true,"href":"https:\/\/caps2loccaz.fr\/index.php?rest_route=%2Fwp%2Fv2%2Fproduct_cat&post=134"},{"taxonomy":"product_tag","embeddable":true,"href":"https:\/\/caps2loccaz.fr\/index.php?rest_route=%2Fwp%2Fv2%2Fproduct_tag&post=134"}],"curies":[{"name":"wp","href":"https:\/\/api.w.org\/{rel}","templated":true}]}}